{"id":11,"date":"2024-01-30T14:47:38","date_gmt":"2024-01-30T13:47:38","guid":{"rendered":"https:\/\/www.parot.fr\/?page_id=11"},"modified":"2025-03-13T14:42:24","modified_gmt":"2025-03-13T13:42:24","slug":"elementor-11","status":"publish","type":"page","link":"https:\/\/www.parot.fr\/","title":{"rendered":"Accueil"},"content":{"rendered":"\t\t<div data-elementor-type=\"wp-post\" data-elementor-id=\"11\" class=\"elementor elementor-11\" data-elementor-post-type=\"page\">\n\t\t\t\t<div class=\"elementor-element elementor-element-0034c15 e-flex e-con-boxed e-con e-parent\" data-id=\"0034c15\" data-element_type=\"container\" data-e-type=\"container\">\n\t\t\t\t\t<div class=\"e-con-inner\">\n\t\t<div class=\"elementor-element elementor-element-7bc8dae e-con-full e-flex e-con e-child\" data-id=\"7bc8dae\" data-element_type=\"container\" data-e-type=\"container\">\n\t\t\t\t<div class=\"elementor-element elementor-element-0233a08 elementor-widget__width-initial elementor-widget elementor-widget-html\" data-id=\"0233a08\" data-element_type=\"widget\" data-e-type=\"widget\" data-widget_type=\"html.default\">\n\t\t\t\t<div class=\"elementor-widget-container\">\n\t\t\t\t\t<div data-multiproduct-widget-element data-multiproduct-widget-id=\"2223-354bd66\">  <span style=\"font-size:0.85em; font-weight:600; color:#FFFFFF; text-transform:uppercase\">O\u00f9 acheter nos produits ?<\/span> <\/div>\t\t\t\t<\/div>\n\t\t\t\t<\/div>\n\t\t\t\t<\/div>\n\t\t\t\t<div class=\"elementor-element elementor-element-53dbf5b elementor-widget elementor-widget-image\" data-id=\"53dbf5b\" data-element_type=\"widget\" data-e-type=\"widget\" data-widget_type=\"image.default\">\n\t\t\t\t<div class=\"elementor-widget-container\">\n\t\t\t\t\t\t\t\t\t\t\t\t\t\t\t<img fetchpriority=\"high\" decoding=\"async\" width=\"506\" height=\"254\" src=\"https:\/\/www.parot.fr\/wp-content\/uploads\/2024\/01\/Parot-logo-WEB.svg\" class=\"attachment-full size-full wp-image-9\" alt=\"\" \/>\t\t\t\t\t\t\t\t\t\t\t\t\t\t\t<\/div>\n\t\t\t\t<\/div>\n\t\t\t\t<div class=\"elementor-element elementor-element-eddb207 elementor-widget elementor-widget-heading\" data-id=\"eddb207\" data-element_type=\"widget\" data-e-type=\"widget\" data-widget_type=\"heading.default\">\n\t\t\t\t<div class=\"elementor-widget-container\">\n\t\t\t\t\t<h1 class=\"elementor-heading-title elementor-size-default\">Eau Min\u00e9rale Naturelle Finement P\u00e9tillante<\/h1>\t\t\t\t<\/div>\n\t\t\t\t<\/div>\n\t\t\t\t\t<\/div>\n\t\t\t\t<\/div>\n\t\t<div class=\"elementor-element elementor-element-4988774 e-flex e-con-boxed e-con e-parent\" data-id=\"4988774\" data-element_type=\"container\" data-e-type=\"container\">\n\t\t\t\t\t<div class=\"e-con-inner\">\n\t\t\t\t<div class=\"elementor-element elementor-element-1a238fd elementor-widget elementor-widget-text-editor\" data-id=\"1a238fd\" data-element_type=\"widget\" data-e-type=\"widget\" data-widget_type=\"text-editor.default\">\n\t\t\t\t<div class=\"elementor-widget-container\">\n\t\t\t\t\t\t\t\t\t<p>Parot SAS \u2022 42610 Saint-Romain-Le-Puy \u2022 T\u00e9l 04 77 97 74 64 \u2022 Fax 04 77 76 06 34<\/p>\t\t\t\t\t\t\t\t<\/div>\n\t\t\t\t<\/div>\n\t\t\t\t\t<\/div>\n\t\t\t\t<\/div>\n\t\t\t\t<\/div>\n\t\t","protected":false},"excerpt":{"rendered":"<p>O\u00f9 acheter nos produits ? Eau Min\u00e9rale Naturelle Finement P\u00e9tillante Parot SAS \u2022 42610 Saint-Romain-Le-Puy \u2022 T\u00e9l 04 77 97 74 64 \u2022 Fax 04 77 76 06 34<\/p>\n","protected":false},"author":2,"featured_media":0,"parent":0,"menu_order":0,"comment_status":"closed","ping_status":"closed","template":"elementor_header_footer","meta":{"footnotes":""},"class_list":["post-11","page","type-page","status-publish","hentry"],"_links":{"self":[{"href":"https:\/\/www.parot.fr\/index.php?rest_route=\/wp\/v2\/pages\/11","targetHints":{"allow":["GET"]}}],"collection":[{"href":"https:\/\/www.parot.fr\/index.php?rest_route=\/wp\/v2\/pages"}],"about":[{"href":"https:\/\/www.parot.fr\/index.php?rest_route=\/wp\/v2\/types\/page"}],"author":[{"embeddable":true,"href":"https:\/\/www.parot.fr\/index.php?rest_route=\/wp\/v2\/users\/2"}],"replies":[{"embeddable":true,"href":"https:\/\/www.parot.fr\/index.php?rest_route=%2Fwp%2Fv2%2Fcomments&post=11"}],"version-history":[{"count":25,"href":"https:\/\/www.parot.fr\/index.php?rest_route=\/wp\/v2\/pages\/11\/revisions"}],"predecessor-version":[{"id":104,"href":"https:\/\/www.parot.fr\/index.php?rest_route=\/wp\/v2\/pages\/11\/revisions\/104"}],"wp:attachment":[{"href":"https:\/\/www.parot.fr\/index.php?rest_route=%2Fwp%2Fv2%2Fmedia&parent=11"}],"curies":[{"name":"wp","href":"https:\/\/api.w.org\/{rel}","templated":true}]}}